{"id":712,"date":"2021-03-30T15:08:15","date_gmt":"2021-03-30T13:08:15","guid":{"rendered":"https:\/\/feldgespraeche.de\/?page_id=712"},"modified":"2021-10-04T14:51:14","modified_gmt":"2021-10-04T12:51:14","slug":"impressum","status":"publish","type":"page","link":"https:\/\/feldgespraeche.de\/index.php\/impressum\/","title":{"rendered":"Impressum"},"content":{"rendered":"\n<h2 class=\"wp-block-heading\"><strong>Impressum<\/strong><\/h2>\n\n\n\n<p><strong>Informationspflicht laut \u00a7 5 TMG.<\/strong><\/p>\n\n\n\n<p><strong>Anbieter der Webseite:<\/strong><br><br><strong>Michael Spielberger<\/strong><br>Am Osterholz 32<br>85649 Brunnthal<br>Deutschland<\/p>\n\n\n\n<p><strong>Kontakt:<\/strong><br>Telefon: +49 (0)160 366 9999<br>E-Mail: info [@]feldgespraeche.de<\/p>\n\n\n\n<p><strong>Vertreten durch:<\/strong>&nbsp;<br>Michael Spielberger (Adresse wie oben)<\/p>\n\n\n\n<p><strong>Verantwortlich f\u00fcr den Inhalt nach \u00a7 55 Abs. 2 RStV:<\/strong><br>Michael Spielberger (Adresse wie oben)<\/p>\n\n\n\n<p>Gem\u00e4\u00df Verordnung \u00fcber Online-Streitbeilegung in Verbraucherangelegenheiten (ODR-Verordnung) m\u00f6chten wir Sie \u00fcber die Online-Streitbeilegungsplattform (OS-Plattform) informieren. Verbraucher haben die M\u00f6glichkeit, Beschwerden an die Online Streitbeilegungsplattform der Europ\u00e4ischen Kommission unter&nbsp;<a href=\"http:\/\/ec.europa.eu\/odr?tid=321172438\" target=\"_blank\" rel=\"noreferrer noopener\">http:\/\/ec.europa.eu\/odr?tid=321172438<\/a>&nbsp;zu richten.<br>Die daf\u00fcr notwendigen Kontaktdaten finden Sie oberhalb in unserem Impressum.<\/p>\n\n\n\n<p>Wir m\u00f6chten Sie jedoch darauf hinweisen, dass wir nicht bereit oder verpflichtet sind, an Streitbeilegungsverfahren vor einer Verbraucherschlichtungsstelle teilzunehmen.&nbsp;<strong>Haftung f\u00fcr Inhalte dieser Website<\/strong><\/p>\n\n\n\n<p>Wir entwickeln die Inhalte dieser Webseite st\u00e4ndig weiter und bem\u00fchen uns korrekte und aktuelle Informationen bereitzustellen. Laut Telemediengesetz (TMG) \u00a77 (1) sind wir als Diensteanbieter f\u00fcr eigene Informationen, die wir zur Nutzung bereitstellen, nach den allgemeinen Gesetzen verantwortlich.<br>Leider k\u00f6nnen wir keine Haftung f\u00fcr die Korrektheit aller Inhalte auf dieser Webseite \u00fcbernehmen, speziell f\u00fcr jene die seitens Dritter bereitgestellt wurden. Als Diensteanbieter im Sinne der \u00a7\u00a7 8 bis 10 sind wir nicht verpflichtet, die von ihnen \u00fcbermittelten oder gespeicherten Informationen zu \u00fcberwachen oder nach Umst\u00e4nden zu forschen, die auf eine rechtswidrige T\u00e4tigkeit hinweisen.<\/p>\n\n\n\n<p>Unsere Verpflichtungen zur Entfernung von Informationen oder zur Sperrung der Nutzung von Informationen nach den allgemeinen Gesetzen aufgrund von gerichtlichen oder beh\u00f6rdlichen Anordnungen bleiben auch im Falle unserer Nichtverantwortlichkeit nach den \u00a7\u00a7 8 bis 10 unber\u00fchrt.<\/p>\n\n\n\n<p>Sollten Ihnen problematische oder rechtswidrige Inhalte auffallen, bitte wir Sie uns umgehend zu kontaktieren, damit wir die rechtswidrigen Inhalte entfernen k\u00f6nnen. Sie finden die Kontaktdaten im Impressum.<\/p>\n\n\n\n<p><strong>Haftung f\u00fcr Links auf dieser Website<\/strong><\/p>\n\n\n\n<p>Unsere Webseite enth\u00e4lt Links zu anderen Webseiten f\u00fcr deren Inhalt wir nicht verantwortlich sind. Haftung f\u00fcr verlinkte Websites besteht f\u00fcr uns nicht, da wir keine Kenntnis rechtswidriger T\u00e4tigkeiten hatten und haben, uns solche Rechtswidrigkeiten auch bisher nicht aufgefallen sind und wir Links sofort entfernen w\u00fcrden, wenn uns Rechtswidrigkeiten bekannt werden.<\/p>\n\n\n\n<p>Wenn Ihnen rechtswidrige Links auf unserer Website auffallen, bitte wir Sie uns zu kontaktieren.<br>Sie finden die Kontaktdaten auf dieser Seite.<\/p>\n\n\n\n<p><strong>Urheberrechtshinweis<\/strong><\/p>\n\n\n\n<p>Alle Illustrationen dieser Webseite sind Unikate und unterliegen dem Urheberrecht von:<br><br><strong>Atelier Mutter Maura<\/strong> <br>Martina Mayer-Lauingen<br>Stauferstra\u00dfe 7<br>86833 Ettringen<br>Deutschland<\/p>\n\n\n\n<p>Alle Inhalte dieser Webseite (Bilder, Fotos, Texte, Videos, Code) unterliegen dem Urheberrecht der Bundesrepublik Deutschland. Bitte fragen Sie uns bevor Sie die Inhalte dieser Website verbreiten, vervielf\u00e4ltigen oder verwerten wie zum Beispiel auf anderen Websites erneut ver\u00f6ffentlichen. Falls notwendig, werden wir die unerlaubte Nutzung von Teilen der Inhalte unserer Seite rechtlich verfolgen.<\/p>\n\n\n\n<p>Sollten Sie auf dieser Webseite Inhalte finden, die das Urheberrecht verletzen, bitten wir Sie uns zu informieren.<\/p>\n\n\n\n<p><\/p>\n\n\n\n<p><strong>Shop &#8211; Abrechnung und Logistik<\/strong><\/p>\n\n\n\n<p><strong>NTMG GmbH<\/strong><br>FB5 &#8211; Shop Logistik<br>Weidenstr. 10<br>85649 Brunnthal<br>Deutschland<\/p>\n\n\n\n<p>Die Produkte auf dieser Webseite werden von o.g. Unternehmen in meinem Auftrag gelagert, steuerlich abgerechnet, verpackt und ausgeliefert.<\/p>\n","protected":false},"excerpt":{"rendered":"<p>Impressum Informationspflicht laut \u00a7 5 TMG. Anbieter der Webseite: Michael SpielbergerAm Osterholz 3285649 BrunnthalDeutschland Kontakt:Telefon: +49 (0)160 366 9999E-Mail: info [@]feldgespraeche.de Vertreten durch:&nbsp;Michael Spielberger (Adresse wie oben) Verantwortlich f\u00fcr den Inhalt nach \u00a7 55 Abs. 2 RStV:Michael Spielberger (Adresse wie oben) Gem\u00e4\u00df Verordnung \u00fcber Online-Streitbeilegung in Verbraucherangelegenheiten (ODR-Verordnung) m\u00f6chten wir Sie \u00fcber die Online-Streitbeilegungsplattform (OS-Plattform) [&hellip;]<\/p>\n","protected":false},"author":1,"featured_media":0,"parent":0,"menu_order":0,"comment_status":"closed","ping_status":"closed","template":"","meta":{"footnotes":""},"class_list":["post-712","page","type-page","status-publish","hentry"],"_links":{"self":[{"href":"https:\/\/feldgespraeche.de\/index.php\/wp-json\/wp\/v2\/pages\/712","targetHints":{"allow":["GET"]}}],"collection":[{"href":"https:\/\/feldgespraeche.de\/index.php\/wp-json\/wp\/v2\/pages"}],"about":[{"href":"https:\/\/feldgespraeche.de\/index.php\/wp-json\/wp\/v2\/types\/page"}],"author":[{"embeddable":true,"href":"https:\/\/feldgespraeche.de\/index.php\/wp-json\/wp\/v2\/users\/1"}],"replies":[{"embeddable":true,"href":"https:\/\/feldgespraeche.de\/index.php\/wp-json\/wp\/v2\/comments?post=712"}],"version-history":[{"count":9,"href":"https:\/\/feldgespraeche.de\/index.php\/wp-json\/wp\/v2\/pages\/712\/revisions"}],"predecessor-version":[{"id":1616,"href":"https:\/\/feldgespraeche.de\/index.php\/wp-json\/wp\/v2\/pages\/712\/revisions\/1616"}],"wp:attachment":[{"href":"https:\/\/feldgespraeche.de\/index.php\/wp-json\/wp\/v2\/media?parent=712"}],"curies":[{"name":"wp","href":"https:\/\/api.w.org\/{rel}","templated":true}]}}