{"id":805,"date":"2021-03-30T18:35:46","date_gmt":"2021-03-30T16:35:46","guid":{"rendered":"https:\/\/feldgespraeche.de\/?page_id=805"},"modified":"2021-10-18T13:19:33","modified_gmt":"2021-10-18T11:19:33","slug":"indien-und-zurueck","status":"publish","type":"page","link":"https:\/\/feldgespraeche.de\/index.php\/indien-und-zurueck\/","title":{"rendered":"Indien und zur\u00fcck"},"content":{"rendered":"<section class=\"av_textblock_section \"  itemscope=\"itemscope\" itemtype=\"https:\/\/schema.org\/CreativeWork\" ><div class='avia_textblock  '  style='font-size:16px; '  itemprop=\"text\" ><h2>Indien und zur\u00fcck.<\/h2>\n<blockquote>\n<p><strong>Manchmal ist alles anders.<\/strong><\/p>\n<\/blockquote>\n<p>Wir stehen auf, Fr\u00fchst\u00fccken und vertrauen darauf, dass wir einen guten Tag haben werden.<br \/>\nUnd dann? Dann zieht es uns eiskalt den Boden unter den F\u00fc\u00dfen weg. Das Leben meldet sich. Das Leben in voller H\u00e4rte.<br \/>\nWenn wir das doch gewusst h\u00e4tten. H\u00e4tten wir dann dieses oder jenes anders gemacht?<br \/>\nH\u00e4tten wir besser auf eine gesunde Ern\u00e4hrung geachtet? Nicht geraucht? Mehr Zeit in Partnerschaft und Beziehung investiert? W\u00e4ren wir erst gar nicht aufgestanden? Vielleicht.<\/p>\n<p>M\u00f6glicherweise hast Du selbst schon einmal Erfahrung mit dieser grausamen H\u00e4rte gesammelt und Du wei\u00dft genau wie sich das anf\u00fchlt. Der Verlust eines geliebten Menschen, die Trennung einer Beziehung, einer Ehe, Krankheit und andere \u2013 uns zun\u00e4chst \u2013 wenig verst\u00e4ndliche Umst\u00e4nde.<br \/>\nWarum mir? Diese Frage hat sich vermutlich jeder von uns schon einmal gestellt.<\/p>\n<p>Hier ist ein Teil von meiner Geschichte. Ein kleiner Einblick in ein Zeitfenster meines Lebens, das eigentlich zu den sch\u00f6nsten geh\u00f6ren sollte.<\/p>\n<p><strong>2013.<\/strong>\u00a0Das Jahr hatte eigentlich gut begonnen. Alles lief wie immer. Wie immer \u2013 aber eben nur vor sich hin. Die Gesch\u00e4fte im eigenen Unternehmen liefen gut, die Mitarbeiter ein eingespieltes Team. Ich war zufrieden und frei von Sorgen.<br \/>\nDas sollte sich im Mai \u00e4ndern. Meine Partnerin, Ehefrau und Mutter zweier Kinder er\u00f6ffnete mir, dass die Beziehung jetzt zu Ende ist. Zu Ende? Mir hat es doch an nichts gefehlt. \u201cMir\u201d hat es tats\u00e4chlich an nichts gefehlt. Meine Ehefrau f\u00fchlte anders. Und nun: alles kaputt und kurz vor der Pleite.<\/p>\n<p>Hier beginnt er nun, ein neuer Lebensabschnitt. Mit einer Reise in etwas neues und ungewisses. Hiervon w\u00fcrde ich Dir gerne berichten.<\/p>\n<\/div><\/section>\n<div  class='avia-button-wrap avia-button-left  avia-builder-el-1  el_after_av_textblock  el_before_av_image ' ><a href='https:\/\/feldgespraeche.de\/index.php\/indien-und-zurueck\/indien-und-zurueck-kapitel-1\/'  class='avia-button  avia-color-theme-color   avia-icon_select-no avia-size-large avia-position-left '   ><span class='avia_iconbox_title' >Kapitel 1<\/span><\/a><\/div>\n<div  class='avia-image-container  av-styling-    avia-builder-el-2  el_after_av_button  avia-builder-el-last  avia-align-left '  itemprop=\"image\" itemscope=\"itemscope\" itemtype=\"https:\/\/schema.org\/ImageObject\"  ><div class='avia-image-container-inner'><div class='avia-image-overlay-wrap'><img decoding=\"async\" class='wp-image-1663 avia-img-lazy-loading-not-1663 avia_image' src=\"https:\/\/feldgespraeche.de\/wp-content\/uploads\/2021\/10\/Indien_005.png\" alt='' title='Indien_005' height=\"217\" width=\"300\"  itemprop=\"thumbnailUrl\"  \/><\/div><\/div><\/div>\n","protected":false},"excerpt":{"rendered":"","protected":false},"author":1,"featured_media":0,"parent":0,"menu_order":0,"comment_status":"closed","ping_status":"closed","template":"","meta":{"footnotes":""},"class_list":["post-805","page","type-page","status-publish","hentry"],"_links":{"self":[{"href":"https:\/\/feldgespraeche.de\/index.php\/wp-json\/wp\/v2\/pages\/805","targetHints":{"allow":["GET"]}}],"collection":[{"href":"https:\/\/feldgespraeche.de\/index.php\/wp-json\/wp\/v2\/pages"}],"about":[{"href":"https:\/\/feldgespraeche.de\/index.php\/wp-json\/wp\/v2\/types\/page"}],"author":[{"embeddable":true,"href":"https:\/\/feldgespraeche.de\/index.php\/wp-json\/wp\/v2\/users\/1"}],"replies":[{"embeddable":true,"href":"https:\/\/feldgespraeche.de\/index.php\/wp-json\/wp\/v2\/comments?post=805"}],"version-history":[{"count":13,"href":"https:\/\/feldgespraeche.de\/index.php\/wp-json\/wp\/v2\/pages\/805\/revisions"}],"predecessor-version":[{"id":1683,"href":"https:\/\/feldgespraeche.de\/index.php\/wp-json\/wp\/v2\/pages\/805\/revisions\/1683"}],"wp:attachment":[{"href":"https:\/\/feldgespraeche.de\/index.php\/wp-json\/wp\/v2\/media?parent=805"}],"curies":[{"name":"wp","href":"https:\/\/api.w.org\/{rel}","templated":true}]}}