{"id":826,"date":"2021-03-30T19:14:14","date_gmt":"2021-03-30T17:14:14","guid":{"rendered":"https:\/\/feldgespraeche.de\/?page_id=826"},"modified":"2021-04-22T13:33:42","modified_gmt":"2021-04-22T11:33:42","slug":"indien-und-zurueck-kapitel-4","status":"publish","type":"page","link":"https:\/\/feldgespraeche.de\/index.php\/indien-und-zurueck\/indien-und-zurueck-kapitel-4\/","title":{"rendered":"Indien und zur\u00fcck &#8211; Kapitel 4"},"content":{"rendered":"<section class=\"av_textblock_section \"  itemscope=\"itemscope\" itemtype=\"https:\/\/schema.org\/CreativeWork\" ><div class='avia_textblock  '  style='font-size:16px; '  itemprop=\"text\" ><h2>Indien und zur\u00fcck.<\/h2>\n<blockquote>\n<p>Kanyakumari &#8211; Kapitel 4<\/p>\n<\/blockquote>\n<p>Kanyakumari, die s\u00fcdlichste Spitze Indiens. Ein magischer Ort. Ein Ort an dem drei Weltmeere ineinander verschmelzen. Der Indische Ozean, der Golf von Bengalen und das Arabische Meer werden eins. Die gewaltigen Kr\u00e4fte der Natur treffen hier sichtbar aufeinander und sortieren sich neu. Deutlich zu erkennen sind die farblichen Unterschiede der einzelnen Gew\u00e4sser. T\u00fcrkis, Blaugr\u00fcn und Azurblau. Wie in einem gro\u00dfen Topf mischt sich die Farbe neu.<br \/>\nEin riesiger Felsen ragt aus dem Wasser. Nur mit einer F\u00e4hre zu erreichen \u2013 das ber\u00fchmte Vivekananda Rock Memorial. Es wurde im Jahr 1970 zu Ehren von Swami Vivekananda erbaut, der auf diesem Felsen durch Meditation die Erleuchtung erlangt haben soll. Die Hindus glauben, dass die G\u00f6ttin Kanya Kumari eine jungfr\u00e4uliche Inkarnation der G\u00f6ttin Parvati ist die den Felsen segnete indem sie ihn mit ihren F\u00fc\u00dfen ber\u00fchrte.<\/p>\n<p>Um halb drei war es wieder Zeit aufzustehen. Das war eine kurze Nacht. Aufstehen! Beeilung! Rief Ben. Schnell! Aufgew\u00fchlt und m\u00fcde hetzte ich ins Bad und zog mich an. Ein bisschen Haare \u2013 los geht\u2019s.<br \/>\nLass deine Schuhe hier! Sagte Ben. \u2018<br \/>\nOhne Schuhe? Barfu\u00df? Fragte ich.<br \/>\nJa! Du brauchst hier keine Schuhe!<br \/>\nIch habe europ\u00e4ische F\u00fc\u00dfe erwiderte ich betont.<br \/>\nIch wei\u00df, meinte Ben. Es wird dir nichts passieren. Vertrau mir. Trust me! Wiederholte er mehrmals wie in einem Mantra.<br \/>\nVerbinde dich mit dem Boden, der Erde und den anderen Menschen!<br \/>\nEin Gedanke der mir viel Mut abverlangte. Verkn\u00fcpft mit der Vorstellung ich m\u00fcsse mit nackten F\u00fc\u00dfen \u00fcber das M\u00fcnchner Oktoberfest laufen l\u00f6ste wieder Unbehagen und Angst in mir aus.<br \/>\nDennoch f\u00fchlte ich: es war an der Zeit zu vertrauen.<\/p>\n<p>Nachdem wir in der Stadt eine Tasse Tee zu uns genommen hatten, ein paar Kekse, war ich davon \u00fcberzeugt, die Richtung zum Meer w\u00e4re richtig. Ben belehrte mich eines besseren. Hier Entlang. Die Schlange zur F\u00e4hre beginnt dort dr\u00fcben! Wartezeit \u00fcber einen Kilometer! Es war erstaunlich zu sehen wie diszipliniert und schnell sich die Schlange bewegte. Niemand dr\u00e4ngelte sich vor und niemand scherte ein. Jede Person ein Teil davon. Nicht nebeneinander sondern hintereinander. Es dauerte etwa ein Stunde, bis wir die F\u00e4hre erreichten. Zwei dieser Schiffe waren in betrieb und kreuzten sich fast mittig in der kurzen Distanz von etwa zweihundert Metern. Wir waren an der Reihe. Schwimmwesten an! Jeder! Die F\u00e4hre legte ab und begab sich in Richtung des Memorials. Die Natur begr\u00fc\u00dfte uns st\u00fcrmisch. In dieser kleinen Distanz zwischen Festland und Insel waren so starke Kr\u00e4fte zu sp\u00fcren. Meterhohe Wellen wie ich es nicht vermutet h\u00e4tte. Durchgen\u00e4sst von der Gischt und ein bisschen flau im Magen verlie\u00dfen wir das Schiff mit den anderen Passagieren. Je n\u00e4her wir dann dem Memorial kamen, desto ruhiger wurde es. Fast still und untypisch f\u00fcr indische Verh\u00e4ltnisse. Man merkte die Ehrfurcht der Menschen eingeh\u00fcllt in tiefem Glauben in einer gewaltigen Ordnung. Familien die in ganzen Generationen verweilten, P\u00e4rchen, alt und jung. Diese Magie war \u00fcberall. Es war an der Zeit sich einen Platz zu suchen f\u00fcr das Ereignis, das so viele Menschen hier vereinte: der Sonnenaufgang.<br \/>\nDer Feuerball, der Leben auf diesem Planeten erst m\u00f6glich macht, stieg aus dem Wasser empor und flutete das Land mit Licht und W\u00e4rme.<\/p>\n<p>Im Anschluss besuchte ich noch das Dhyana Mandapam \u2013 die Meditationshalle \u2013 angeschlossen an den Tempel. Diese war auch f\u00fcr mich zug\u00e4nglich. Hier ist es m\u00f6glich zu entspannen und zu meditieren so lange man m\u00f6chte. Es gibt an diesem Ort kaum eine andere Erfahrung, die so beruhigend ist wie diese.<\/p>\n<\/div><\/section>\n<div  class='avia-button-wrap avia-button-left  avia-builder-el-1  el_after_av_textblock  avia-builder-el-last ' ><a href='https:\/\/feldgespraeche.de\/index.php\/indien-und-zurueck\/indien-und-zurueck-kapitel-5\/'  class='avia-button  avia-color-theme-color   avia-icon_select-no avia-size-large avia-position-left '   ><span class='avia_iconbox_title' >Kapitel 5<\/span><\/a><\/div>\n","protected":false},"excerpt":{"rendered":"","protected":false},"author":1,"featured_media":0,"parent":805,"menu_order":4,"comment_status":"closed","ping_status":"closed","template":"","meta":{"footnotes":""},"class_list":["post-826","page","type-page","status-publish","hentry"],"_links":{"self":[{"href":"https:\/\/feldgespraeche.de\/index.php\/wp-json\/wp\/v2\/pages\/826","targetHints":{"allow":["GET"]}}],"collection":[{"href":"https:\/\/feldgespraeche.de\/index.php\/wp-json\/wp\/v2\/pages"}],"about":[{"href":"https:\/\/feldgespraeche.de\/index.php\/wp-json\/wp\/v2\/types\/page"}],"author":[{"embeddable":true,"href":"https:\/\/feldgespraeche.de\/index.php\/wp-json\/wp\/v2\/users\/1"}],"replies":[{"embeddable":true,"href":"https:\/\/feldgespraeche.de\/index.php\/wp-json\/wp\/v2\/comments?post=826"}],"version-history":[{"count":5,"href":"https:\/\/feldgespraeche.de\/index.php\/wp-json\/wp\/v2\/pages\/826\/revisions"}],"predecessor-version":[{"id":1081,"href":"https:\/\/feldgespraeche.de\/index.php\/wp-json\/wp\/v2\/pages\/826\/revisions\/1081"}],"up":[{"embeddable":true,"href":"https:\/\/feldgespraeche.de\/index.php\/wp-json\/wp\/v2\/pages\/805"}],"wp:attachment":[{"href":"https:\/\/feldgespraeche.de\/index.php\/wp-json\/wp\/v2\/media?parent=826"}],"curies":[{"name":"wp","href":"https:\/\/api.w.org\/{rel}","templated":true}]}}